{"id":2241,"date":"2023-06-02T15:50:00","date_gmt":"2023-06-02T20:50:00","guid":{"rendered":"https:\/\/ingetet.com\/?page_id=2241"},"modified":"2023-06-02T15:55:33","modified_gmt":"2023-06-02T20:55:33","slug":"politicas-de-tratamiento-de-datos-personales-de-ingetet","status":"publish","type":"page","link":"https:\/\/ingetet.com\/index.php\/politicas-de-tratamiento-de-datos-personales-de-ingetet\/","title":{"rendered":"Pol\u00edticas de Tratamiento de Datos Personales de INGETET"},"content":{"rendered":"\t\t<div data-elementor-type=\"wp-page\" data-elementor-id=\"2241\" class=\"elementor elementor-2241\" data-elementor-post-type=\"page\">\n\t\t\t\t\t\t<section class=\"elementor-section elementor-top-section elementor-element elementor-element-202d328d elementor-section-boxed elementor-section-height-default elementor-section-height-default\" data-id=\"202d328d\" data-element_type=\"section\" data-e-type=\"section\">\n\t\t\t\t\t\t<div class=\"elementor-container elementor-column-gap-default\">\n\t\t\t\t\t<div class=\"elementor-column elementor-col-100 elementor-top-column elementor-element elementor-element-6d2d5727\" data-id=\"6d2d5727\" data-element_type=\"column\" data-e-type=\"column\">\n\t\t\t<div class=\"elementor-widget-wrap elementor-element-populated\">\n\t\t\t\t\t\t<div class=\"elementor-element elementor-element-ff94b83 elementor-widget elementor-widget-heading\" data-id=\"ff94b83\" data-element_type=\"widget\" data-e-type=\"widget\" data-widget_type=\"heading.default\">\n\t\t\t\t<div class=\"elementor-widget-container\">\n\t\t\t\t\t<h3 class=\"elementor-heading-title elementor-size-default\">Objeto<\/h3>\t\t\t\t<\/div>\n\t\t\t\t<\/div>\n\t\t\t\t<div class=\"elementor-element elementor-element-3fd2b407 elementor-widget elementor-widget-text-editor\" data-id=\"3fd2b407\" data-element_type=\"widget\" data-e-type=\"widget\" data-widget_type=\"text-editor.default\">\n\t\t\t\t<div class=\"elementor-widget-container\">\n\t\t\t\t\t\t\t\t\t\n<p>INGETET, en cumplimiento de la normativa colombiana de protecci\u00f3n de datos personales, establece las pol\u00edticas para el adecuado tratamiento y protecci\u00f3n de la informaci\u00f3n personal recolectada y almacenada en el desarrollo de sus actividades comerciales, en particular, la Ley 1581 de 2012 y su Decreto Reglamentario 1377 de 2013.<\/p>\n\t\t\t\t\t\t\t\t<\/div>\n\t\t\t\t<\/div>\n\t\t\t\t\t<\/div>\n\t\t<\/div>\n\t\t\t\t\t<\/div>\n\t\t<\/section>\n\t\t\t\t<section class=\"elementor-section elementor-top-section elementor-element elementor-element-e081e28 elementor-section-boxed elementor-section-height-default elementor-section-height-default\" data-id=\"e081e28\" data-element_type=\"section\" data-e-type=\"section\">\n\t\t\t\t\t\t<div class=\"elementor-container elementor-column-gap-default\">\n\t\t\t\t\t<div class=\"elementor-column elementor-col-100 elementor-top-column elementor-element elementor-element-1a80288\" data-id=\"1a80288\" data-element_type=\"column\" data-e-type=\"column\">\n\t\t\t<div class=\"elementor-widget-wrap elementor-element-populated\">\n\t\t\t\t\t\t<div class=\"elementor-element elementor-element-d4b0d05 elementor-widget elementor-widget-heading\" data-id=\"d4b0d05\" data-element_type=\"widget\" data-e-type=\"widget\" data-widget_type=\"heading.default\">\n\t\t\t\t<div class=\"elementor-widget-container\">\n\t\t\t\t\t<h3 class=\"elementor-heading-title elementor-size-default\">Responsable del Tratamiento<\/h3>\t\t\t\t<\/div>\n\t\t\t\t<\/div>\n\t\t\t\t<div class=\"elementor-element elementor-element-1091afb elementor-widget elementor-widget-text-editor\" data-id=\"1091afb\" data-element_type=\"widget\" data-e-type=\"widget\" data-widget_type=\"text-editor.default\">\n\t\t\t\t<div class=\"elementor-widget-container\">\n\t\t\t\t\t\t\t\t\t<p>INGETET ser\u00e1 el responsable del tratamiento de los datos personales y garantizar\u00e1 su confidencialidad, integridad y disponibilidad, as\u00ed como el cumplimiento de los principios y deberes establecidos en la Ley 1581 de 2012.<\/p>\t\t\t\t\t\t\t\t<\/div>\n\t\t\t\t<\/div>\n\t\t\t\t\t<\/div>\n\t\t<\/div>\n\t\t\t\t\t<\/div>\n\t\t<\/section>\n\t\t\t\t<section class=\"elementor-section elementor-top-section elementor-element elementor-element-5b4a8ec elementor-section-boxed elementor-section-height-default elementor-section-height-default\" data-id=\"5b4a8ec\" data-element_type=\"section\" data-e-type=\"section\">\n\t\t\t\t\t\t<div class=\"elementor-container elementor-column-gap-default\">\n\t\t\t\t\t<div class=\"elementor-column elementor-col-100 elementor-top-column elementor-element elementor-element-f73b575\" data-id=\"f73b575\" data-element_type=\"column\" data-e-type=\"column\">\n\t\t\t<div class=\"elementor-widget-wrap elementor-element-populated\">\n\t\t\t\t\t\t<div class=\"elementor-element elementor-element-0549215 elementor-widget elementor-widget-heading\" data-id=\"0549215\" data-element_type=\"widget\" data-e-type=\"widget\" data-widget_type=\"heading.default\">\n\t\t\t\t<div class=\"elementor-widget-container\">\n\t\t\t\t\t<h3 class=\"elementor-heading-title elementor-size-default\">Finalidades del Tratamiento<\/h3>\t\t\t\t<\/div>\n\t\t\t\t<\/div>\n\t\t\t\t<div class=\"elementor-element elementor-element-04c241e elementor-widget elementor-widget-text-editor\" data-id=\"04c241e\" data-element_type=\"widget\" data-e-type=\"widget\" data-widget_type=\"text-editor.default\">\n\t\t\t\t<div class=\"elementor-widget-container\">\n\t\t\t\t\t\t\t\t\t<p>Los datos personales recolectados por INGETET ser\u00e1n utilizados para las siguientes finalidades:<\/p>\n<ol>\n<li>a) Gesti\u00f3n de clientes y proveedores.<\/li>\n<li>b) Cumplimiento de obligaciones legales y contractuales.<\/li>\n<li>c) Env\u00edo de comunicaciones comerciales y promocionales.<\/li>\n<li>d) Realizaci\u00f3n de estudios de mercado y an\u00e1lisis estad\u00edsticos.<\/li>\n<li>e) Gesti\u00f3n de recursos humanos (en caso de aplicar).<\/li>\n<li>f) Cualquier otra finalidad permitida por la ley.<\/li>\n<\/ol>\t\t\t\t\t\t\t\t<\/div>\n\t\t\t\t<\/div>\n\t\t\t\t\t<\/div>\n\t\t<\/div>\n\t\t\t\t\t<\/div>\n\t\t<\/section>\n\t\t\t\t<section class=\"elementor-section elementor-top-section elementor-element elementor-element-3961262 elementor-section-boxed elementor-section-height-default elementor-section-height-default\" data-id=\"3961262\" data-element_type=\"section\" data-e-type=\"section\">\n\t\t\t\t\t\t<div class=\"elementor-container elementor-column-gap-default\">\n\t\t\t\t\t<div class=\"elementor-column elementor-col-100 elementor-top-column elementor-element elementor-element-3f05eb5\" data-id=\"3f05eb5\" data-element_type=\"column\" data-e-type=\"column\">\n\t\t\t<div class=\"elementor-widget-wrap elementor-element-populated\">\n\t\t\t\t\t\t<div class=\"elementor-element elementor-element-0afdea1 elementor-widget elementor-widget-heading\" data-id=\"0afdea1\" data-element_type=\"widget\" data-e-type=\"widget\" data-widget_type=\"heading.default\">\n\t\t\t\t<div class=\"elementor-widget-container\">\n\t\t\t\t\t<h3 class=\"elementor-heading-title elementor-size-default\">Principios del Tratamiento<\/h3>\t\t\t\t<\/div>\n\t\t\t\t<\/div>\n\t\t\t\t<div class=\"elementor-element elementor-element-3aa4b81 elementor-widget elementor-widget-text-editor\" data-id=\"3aa4b81\" data-element_type=\"widget\" data-e-type=\"widget\" data-widget_type=\"text-editor.default\">\n\t\t\t\t<div class=\"elementor-widget-container\">\n\t\t\t\t\t\t\t\t\t<p>INGETET se compromete a aplicar los siguientes principios en el tratamiento de datos personales, de acuerdo con la Ley 1581 de 2012:<\/p>\n<p>a) Principio de legalidad: El tratamiento de datos se realizar\u00e1 conforme a la normativa vigente.<\/p>\n<p>b) Principio de finalidad: Los datos ser\u00e1n recolectados con prop\u00f3sitos leg\u00edtimos, claros y espec\u00edficos.<\/p>\n<p>c) Principio de libertad: El tratamiento se realizar\u00e1 con el consentimiento libre, previo, expreso e informado del titular.<\/p>\n<p>d) Principio de veracidad: Los datos ser\u00e1n veraces, completos, actualizados y pertinentes.<\/p>\n<p>e) Principio de transparencia: Se garantizar\u00e1 el derecho del titular a conocer, actualizar y rectificar su informaci\u00f3n.<\/p>\n<p>f) Principio de seguridad: Se adoptar\u00e1n las medidas t\u00e9cnicas, administrativas y humanas necesarias para proteger los datos personales.<\/p>\t\t\t\t\t\t\t\t<\/div>\n\t\t\t\t<\/div>\n\t\t\t\t\t<\/div>\n\t\t<\/div>\n\t\t\t\t\t<\/div>\n\t\t<\/section>\n\t\t\t\t<section class=\"elementor-section elementor-top-section elementor-element elementor-element-906e5f2 elementor-section-boxed elementor-section-height-default elementor-section-height-default\" data-id=\"906e5f2\" data-element_type=\"section\" data-e-type=\"section\">\n\t\t\t\t\t\t<div class=\"elementor-container elementor-column-gap-default\">\n\t\t\t\t\t<div class=\"elementor-column elementor-col-100 elementor-top-column elementor-element elementor-element-021f685\" data-id=\"021f685\" data-element_type=\"column\" data-e-type=\"column\">\n\t\t\t<div class=\"elementor-widget-wrap elementor-element-populated\">\n\t\t\t\t\t\t<div class=\"elementor-element elementor-element-9233080 elementor-widget elementor-widget-heading\" data-id=\"9233080\" data-element_type=\"widget\" data-e-type=\"widget\" data-widget_type=\"heading.default\">\n\t\t\t\t<div class=\"elementor-widget-container\">\n\t\t\t\t\t<h3 class=\"elementor-heading-title elementor-size-default\">Derechos de los Titulares<\/h3>\t\t\t\t<\/div>\n\t\t\t\t<\/div>\n\t\t\t\t<div class=\"elementor-element elementor-element-9e75421 elementor-widget elementor-widget-text-editor\" data-id=\"9e75421\" data-element_type=\"widget\" data-e-type=\"widget\" data-widget_type=\"text-editor.default\">\n\t\t\t\t<div class=\"elementor-widget-container\">\n\t\t\t\t\t\t\t\t\t<p>INGETET respetar\u00e1 los derechos de los titulares de los datos personales, en especial, los establecidos en la Ley 1581 de 2012, tales como:<\/p>\n<p>a) Derecho de acceso: Los titulares podr\u00e1n acceder a su informaci\u00f3n personal y conocer los detalles del tratamiento.<\/p>\n<p>b) Derecho de rectificaci\u00f3n: Los titulares podr\u00e1n solicitar la actualizaci\u00f3n o correcci\u00f3n de sus datos en caso de ser inexactos o incompletos.<\/p>\n<p>c) Derecho de supresi\u00f3n: Los titulares podr\u00e1n solicitar la eliminaci\u00f3n de sus datos cuando no sean necesarios para la finalidad del tratamiento.<\/p>\n<p>d) Derecho de oposici\u00f3n: Los titulares podr\u00e1n oponerse al tratamiento de sus datos en determinadas circunstancias.<\/p>\n<p>e) Derecho de revocaci\u00f3n: Los titulares podr\u00e1n revocar el consentimiento otorgado para el tratamiento de sus datos<\/p>\t\t\t\t\t\t\t\t<\/div>\n\t\t\t\t<\/div>\n\t\t\t\t\t<\/div>\n\t\t<\/div>\n\t\t\t\t\t<\/div>\n\t\t<\/section>\n\t\t\t\t<section class=\"elementor-section elementor-top-section elementor-element elementor-element-2b988ec elementor-section-boxed elementor-section-height-default elementor-section-height-default\" data-id=\"2b988ec\" data-element_type=\"section\" data-e-type=\"section\">\n\t\t\t\t\t\t<div class=\"elementor-container elementor-column-gap-default\">\n\t\t\t\t\t<div class=\"elementor-column elementor-col-100 elementor-top-column elementor-element elementor-element-4844e65\" data-id=\"4844e65\" data-element_type=\"column\" data-e-type=\"column\">\n\t\t\t<div class=\"elementor-widget-wrap elementor-element-populated\">\n\t\t\t\t\t\t<div class=\"elementor-element elementor-element-4c6d3a5 elementor-widget elementor-widget-heading\" data-id=\"4c6d3a5\" data-element_type=\"widget\" data-e-type=\"widget\" data-widget_type=\"heading.default\">\n\t\t\t\t<div class=\"elementor-widget-container\">\n\t\t\t\t\t<h3 class=\"elementor-heading-title elementor-size-default\">Transferencia de Datos<\/h3>\t\t\t\t<\/div>\n\t\t\t\t<\/div>\n\t\t\t\t<div class=\"elementor-element elementor-element-70ec78e elementor-widget elementor-widget-text-editor\" data-id=\"70ec78e\" data-element_type=\"widget\" data-e-type=\"widget\" data-widget_type=\"text-editor.default\">\n\t\t\t\t<div class=\"elementor-widget-container\">\n\t\t\t\t\t\t\t\t\t<p>En caso de transferencia de datos personales a terceros, INGETET se asegurar\u00e1 de que exista un contrato o mecanismo legal que garantice la protecci\u00f3n de los datos, de acuerdo con lo establecido en la Ley 1581 de 2012.<\/p>\t\t\t\t\t\t\t\t<\/div>\n\t\t\t\t<\/div>\n\t\t\t\t\t<\/div>\n\t\t<\/div>\n\t\t\t\t\t<\/div>\n\t\t<\/section>\n\t\t\t\t<section class=\"elementor-section elementor-top-section elementor-element elementor-element-e465d18 elementor-section-boxed elementor-section-height-default elementor-section-height-default\" data-id=\"e465d18\" data-element_type=\"section\" data-e-type=\"section\">\n\t\t\t\t\t\t<div class=\"elementor-container elementor-column-gap-default\">\n\t\t\t\t\t<div class=\"elementor-column elementor-col-100 elementor-top-column elementor-element elementor-element-6259c6c\" data-id=\"6259c6c\" data-element_type=\"column\" data-e-type=\"column\">\n\t\t\t<div class=\"elementor-widget-wrap elementor-element-populated\">\n\t\t\t\t\t\t<div class=\"elementor-element elementor-element-a44c0a4 elementor-widget elementor-widget-heading\" data-id=\"a44c0a4\" data-element_type=\"widget\" data-e-type=\"widget\" data-widget_type=\"heading.default\">\n\t\t\t\t<div class=\"elementor-widget-container\">\n\t\t\t\t\t<h3 class=\"elementor-heading-title elementor-size-default\">Periodo de Conservaci\u00f3n<\/h3>\t\t\t\t<\/div>\n\t\t\t\t<\/div>\n\t\t\t\t<div class=\"elementor-element elementor-element-c629740 elementor-widget elementor-widget-text-editor\" data-id=\"c629740\" data-element_type=\"widget\" data-e-type=\"widget\" data-widget_type=\"text-editor.default\">\n\t\t\t\t<div class=\"elementor-widget-container\">\n\t\t\t\t\t\t\t\t\t<p>Los datos personales se conservar\u00e1n durante el tiempo necesario para cumplir con las finalidades establecidas y de acuerdo con las disposiciones de la Ley 1581 de 2012 y dem\u00e1s normativa aplicable.<\/p>\t\t\t\t\t\t\t\t<\/div>\n\t\t\t\t<\/div>\n\t\t\t\t\t<\/div>\n\t\t<\/div>\n\t\t\t\t\t<\/div>\n\t\t<\/section>\n\t\t\t\t<\/div>\n\t\t","protected":false},"excerpt":{"rendered":"<p>Objeto INGETET, en cumplimiento de la normativa colombiana de protecci\u00f3n de datos personales, establece las pol\u00edticas para el adecuado tratamiento y protecci\u00f3n de la informaci\u00f3n personal recolectada y almacenada en el desarrollo de sus actividades comerciales, en particular, la Ley 1581 de 2012 y su Decreto Reglamentario 1377 de 2013. Responsable del Tratamiento INGETET ser\u00e1 [&hellip;]<\/p>\n","protected":false},"author":1,"featured_media":0,"parent":0,"menu_order":0,"comment_status":"closed","ping_status":"closed","template":"","meta":{"footnotes":""},"class_list":["post-2241","page","type-page","status-publish","hentry"],"yoast_head":"<!-- This site is optimized with the Yoast SEO plugin v25.6 - https:\/\/yoast.com\/wordpress\/plugins\/seo\/ -->\n<title>Pol\u00edticas de Tratamiento de Datos Personales de INGETET - ingetet.com<\/title>\n<meta name=\"robots\" content=\"index, follow, max-snippet:-1, max-image-preview:large, max-video-preview:-1\" \/>\n<link rel=\"canonical\" href=\"https:\/\/ingetet.com\/index.php\/politicas-de-tratamiento-de-datos-personales-de-ingetet\/\" \/>\n<meta property=\"og:locale\" content=\"es_ES\" \/>\n<meta property=\"og:type\" content=\"article\" \/>\n<meta property=\"og:title\" content=\"Pol\u00edticas de Tratamiento de Datos Personales de INGETET - ingetet.com\" \/>\n<meta property=\"og:description\" content=\"Objeto INGETET, en cumplimiento de la normativa colombiana de protecci\u00f3n de datos personales, establece las pol\u00edticas para el adecuado tratamiento y protecci\u00f3n de la informaci\u00f3n personal recolectada y almacenada en el desarrollo de sus actividades comerciales, en particular, la Ley 1581 de 2012 y su Decreto Reglamentario 1377 de 2013. Responsable del Tratamiento INGETET ser\u00e1 [&hellip;]\" \/>\n<meta property=\"og:url\" content=\"https:\/\/ingetet.com\/index.php\/politicas-de-tratamiento-de-datos-personales-de-ingetet\/\" \/>\n<meta property=\"og:site_name\" content=\"ingetet.com\" \/>\n<meta property=\"article:modified_time\" content=\"2023-06-02T20:55:33+00:00\" \/>\n<meta name=\"twitter:card\" content=\"summary_large_image\" \/>\n<meta name=\"twitter:label1\" content=\"Tiempo de lectura\" \/>\n\t<meta name=\"twitter:data1\" content=\"3 minutos\" \/>\n<script type=\"application\/ld+json\" class=\"yoast-schema-graph\">{\"@context\":\"https:\/\/schema.org\",\"@graph\":[{\"@type\":\"WebPage\",\"@id\":\"https:\/\/ingetet.com\/index.php\/politicas-de-tratamiento-de-datos-personales-de-ingetet\/\",\"url\":\"https:\/\/ingetet.com\/index.php\/politicas-de-tratamiento-de-datos-personales-de-ingetet\/\",\"name\":\"Pol\u00edticas de Tratamiento de Datos Personales de INGETET - ingetet.com\",\"isPartOf\":{\"@id\":\"https:\/\/ingetet.com\/#website\"},\"datePublished\":\"2023-06-02T20:50:00+00:00\",\"dateModified\":\"2023-06-02T20:55:33+00:00\",\"breadcrumb\":{\"@id\":\"https:\/\/ingetet.com\/index.php\/politicas-de-tratamiento-de-datos-personales-de-ingetet\/#breadcrumb\"},\"inLanguage\":\"es-CO\",\"potentialAction\":[{\"@type\":\"ReadAction\",\"target\":[\"https:\/\/ingetet.com\/index.php\/politicas-de-tratamiento-de-datos-personales-de-ingetet\/\"]}]},{\"@type\":\"BreadcrumbList\",\"@id\":\"https:\/\/ingetet.com\/index.php\/politicas-de-tratamiento-de-datos-personales-de-ingetet\/#breadcrumb\",\"itemListElement\":[{\"@type\":\"ListItem\",\"position\":1,\"name\":\"Inicio\",\"item\":\"https:\/\/ingetet.com\/\"},{\"@type\":\"ListItem\",\"position\":2,\"name\":\"Pol\u00edticas de Tratamiento de Datos Personales de INGETET\"}]},{\"@type\":\"WebSite\",\"@id\":\"https:\/\/ingetet.com\/#website\",\"url\":\"https:\/\/ingetet.com\/\",\"name\":\"ingetet.com\",\"description\":\"Ven, hag\u00e1moslo realidad\",\"publisher\":{\"@id\":\"https:\/\/ingetet.com\/#organization\"},\"potentialAction\":[{\"@type\":\"SearchAction\",\"target\":{\"@type\":\"EntryPoint\",\"urlTemplate\":\"https:\/\/ingetet.com\/?s={search_term_string}\"},\"query-input\":{\"@type\":\"PropertyValueSpecification\",\"valueRequired\":true,\"valueName\":\"search_term_string\"}}],\"inLanguage\":\"es-CO\"},{\"@type\":\"Organization\",\"@id\":\"https:\/\/ingetet.com\/#organization\",\"name\":\"ingetet.com\",\"url\":\"https:\/\/ingetet.com\/\",\"logo\":{\"@type\":\"ImageObject\",\"inLanguage\":\"es-CO\",\"@id\":\"https:\/\/ingetet.com\/#\/schema\/logo\/image\/\",\"url\":\"https:\/\/ingetet.com\/wp-content\/uploads\/2023\/05\/logo-integet-blanco.png\",\"contentUrl\":\"https:\/\/ingetet.com\/wp-content\/uploads\/2023\/05\/logo-integet-blanco.png\",\"width\":643,\"height\":187,\"caption\":\"ingetet.com\"},\"image\":{\"@id\":\"https:\/\/ingetet.com\/#\/schema\/logo\/image\/\"}}]}<\/script>\n<!-- \/ Yoast SEO plugin. -->","yoast_head_json":{"title":"Pol\u00edticas de Tratamiento de Datos Personales de INGETET - ingetet.com","robots":{"index":"index","follow":"follow","max-snippet":"max-snippet:-1","max-image-preview":"max-image-preview:large","max-video-preview":"max-video-preview:-1"},"canonical":"https:\/\/ingetet.com\/index.php\/politicas-de-tratamiento-de-datos-personales-de-ingetet\/","og_locale":"es_ES","og_type":"article","og_title":"Pol\u00edticas de Tratamiento de Datos Personales de INGETET - ingetet.com","og_description":"Objeto INGETET, en cumplimiento de la normativa colombiana de protecci\u00f3n de datos personales, establece las pol\u00edticas para el adecuado tratamiento y protecci\u00f3n de la informaci\u00f3n personal recolectada y almacenada en el desarrollo de sus actividades comerciales, en particular, la Ley 1581 de 2012 y su Decreto Reglamentario 1377 de 2013. Responsable del Tratamiento INGETET ser\u00e1 [&hellip;]","og_url":"https:\/\/ingetet.com\/index.php\/politicas-de-tratamiento-de-datos-personales-de-ingetet\/","og_site_name":"ingetet.com","article_modified_time":"2023-06-02T20:55:33+00:00","twitter_card":"summary_large_image","twitter_misc":{"Tiempo de lectura":"3 minutos"},"schema":{"@context":"https:\/\/schema.org","@graph":[{"@type":"WebPage","@id":"https:\/\/ingetet.com\/index.php\/politicas-de-tratamiento-de-datos-personales-de-ingetet\/","url":"https:\/\/ingetet.com\/index.php\/politicas-de-tratamiento-de-datos-personales-de-ingetet\/","name":"Pol\u00edticas de Tratamiento de Datos Personales de INGETET - ingetet.com","isPartOf":{"@id":"https:\/\/ingetet.com\/#website"},"datePublished":"2023-06-02T20:50:00+00:00","dateModified":"2023-06-02T20:55:33+00:00","breadcrumb":{"@id":"https:\/\/ingetet.com\/index.php\/politicas-de-tratamiento-de-datos-personales-de-ingetet\/#breadcrumb"},"inLanguage":"es-CO","potentialAction":[{"@type":"ReadAction","target":["https:\/\/ingetet.com\/index.php\/politicas-de-tratamiento-de-datos-personales-de-ingetet\/"]}]},{"@type":"BreadcrumbList","@id":"https:\/\/ingetet.com\/index.php\/politicas-de-tratamiento-de-datos-personales-de-ingetet\/#breadcrumb","itemListElement":[{"@type":"ListItem","position":1,"name":"Inicio","item":"https:\/\/ingetet.com\/"},{"@type":"ListItem","position":2,"name":"Pol\u00edticas de Tratamiento de Datos Personales de INGETET"}]},{"@type":"WebSite","@id":"https:\/\/ingetet.com\/#website","url":"https:\/\/ingetet.com\/","name":"ingetet.com","description":"Ven, hag\u00e1moslo realidad","publisher":{"@id":"https:\/\/ingetet.com\/#organization"},"potentialAction":[{"@type":"SearchAction","target":{"@type":"EntryPoint","urlTemplate":"https:\/\/ingetet.com\/?s={search_term_string}"},"query-input":{"@type":"PropertyValueSpecification","valueRequired":true,"valueName":"search_term_string"}}],"inLanguage":"es-CO"},{"@type":"Organization","@id":"https:\/\/ingetet.com\/#organization","name":"ingetet.com","url":"https:\/\/ingetet.com\/","logo":{"@type":"ImageObject","inLanguage":"es-CO","@id":"https:\/\/ingetet.com\/#\/schema\/logo\/image\/","url":"https:\/\/ingetet.com\/wp-content\/uploads\/2023\/05\/logo-integet-blanco.png","contentUrl":"https:\/\/ingetet.com\/wp-content\/uploads\/2023\/05\/logo-integet-blanco.png","width":643,"height":187,"caption":"ingetet.com"},"image":{"@id":"https:\/\/ingetet.com\/#\/schema\/logo\/image\/"}}]}},"_links":{"self":[{"href":"https:\/\/ingetet.com\/index.php\/wp-json\/wp\/v2\/pages\/2241"}],"collection":[{"href":"https:\/\/ingetet.com\/index.php\/wp-json\/wp\/v2\/pages"}],"about":[{"href":"https:\/\/ingetet.com\/index.php\/wp-json\/wp\/v2\/types\/page"}],"author":[{"embeddable":true,"href":"https:\/\/ingetet.com\/index.php\/wp-json\/wp\/v2\/users\/1"}],"replies":[{"embeddable":true,"href":"https:\/\/ingetet.com\/index.php\/wp-json\/wp\/v2\/comments?post=2241"}],"version-history":[{"count":4,"href":"https:\/\/ingetet.com\/index.php\/wp-json\/wp\/v2\/pages\/2241\/revisions"}],"predecessor-version":[{"id":2245,"href":"https:\/\/ingetet.com\/index.php\/wp-json\/wp\/v2\/pages\/2241\/revisions\/2245"}],"wp:attachment":[{"href":"https:\/\/ingetet.com\/index.php\/wp-json\/wp\/v2\/media?parent=2241"}],"curies":[{"name":"wp","href":"https:\/\/api.w.org\/{rel}","templated":true}]}}